{"id":1927,"date":"2018-09-05T06:17:41","date_gmt":"2018-09-05T04:17:41","guid":{"rendered":"https:\/\/wp.xpeedstudio.com\/upturn\/home-others\/?page_id=1927"},"modified":"2024-03-14T20:14:00","modified_gmt":"2024-03-14T19:14:00","slug":"case-studies","status":"publish","type":"page","link":"https:\/\/iknowmedia.sk\/en\/case-studies\/","title":{"rendered":"Case Studies"},"content":{"rendered":"\t\t<div data-elementor-type=\"wp-post\" data-elementor-id=\"1927\" class=\"elementor elementor-1927\">\n\t\t\t\t\t\t<div class=\"elementor-inner\">\n\t\t\t\t<div class=\"elementor-section-wrap\">\n\t\t\t\t\t\t\t\t\t<section class=\"elementor-section elementor-top-section elementor-element elementor-element-d17725b elementor-section-boxed elementor-section-height-default elementor-section-height-default\" data-id=\"d17725b\" data-element_type=\"section\">\n\t\t\t\t\t\t<div class=\"elementor-container elementor-column-gap-default\">\n\t\t\t\t\t\t\t<div class=\"elementor-row\">\n\t\t\t\t\t<div class=\"elementor-column elementor-col-100 elementor-top-column elementor-element elementor-element-ae8d068\" data-id=\"ae8d068\" data-element_type=\"column\">\n\t\t\t<div class=\"elementor-column-wrap elementor-element-populated\">\n\t\t\t\t\t\t\t<div class=\"elementor-widget-wrap\">\n\t\t\t\t\t\t<div class=\"elementor-element elementor-element-5c3b507 elementor-widget elementor-widget-xs-case-studies\" data-id=\"5c3b507\" data-element_type=\"widget\" data-settings=\"{&quot;ekit_we_effect_on&quot;:&quot;none&quot;}\" data-widget_type=\"xs-case-studies.default\">\n\t\t\t\t<div class=\"elementor-widget-container\">\n\t\t\t                <div class=\"col-md-12\">\n                    <div class=\"agency-filter-wraper\">\n                        <div class=\"filter-button-wraper\">\n                            <ul id=\"filters\" class=\"option-set clearfix main-filter\" data-option-key=\"filter\">\n                                <li><a href=\"#\" data-option-value=\"*\" class=\"selected\">All<\/a><\/li>\n                                                                    <li><a href=\"#\" data-option-value=\".amazon\">Amazon<\/a><\/li>\n                                                                    <li><a href=\"#\" data-option-value=\".promo-strategy\">Promo strategy<\/a><\/li>\n                                                                    <li><a href=\"#\" data-option-value=\".sales\">Sales<\/a><\/li>\n                                                                    <li><a href=\"#\" data-option-value=\".seo\">SEO<\/a><\/li>\n                                                                    <li><a href=\"#\" data-option-value=\".story\">Story<\/a><\/li>\n                                                            <\/ul>\n                        <\/div>\n                    <\/div>\n                <\/div>\n                <div class=\"row cases-grid \">                        <div class=\"cases-grid-item amazon sales\">\n\n<div class=\"single-cases-card\">\n    <div class=\"card-image\">\n                <img src=\"https:\/\/iknowmedia.sk\/wp-content\/uploads\/2018\/09\/rsz_rsz_2rsz_1f1_final_black.jpg\" alt=\"Bez sk\u00fasenost\u00ed v\u00fdroba obalov pre iPhone Cases s unik\u00e1tnym vylep\u0161en\u00edm\">\n        <div class=\"hover-area\">\n            <a href=\"https:\/\/iknowmedia.sk\/en\/case-study\/iphone-case-spustenie-amazon\/\"><i class=\"icon icon-bullhorn\"><\/i><\/a>\n        <\/div>\n            \n    <\/div>\n    <div class=\"cases-content\">\n        <h2 class=\"xs-title\">\n            <a href=\"https:\/\/iknowmedia.sk\/en\/case-study\/iphone-case-spustenie-amazon\/\">Bez sk\u00fasenost\u00ed v\u00fdroba obalov pre iPhone Cases s unik\u00e1tnym vylep\u0161en\u00edm<\/a>\n        <\/h2>\n\n        \n\n        <span class=\"tag\">Amazon, Sales<\/span>\n    <\/div>\n<\/div>\n<\/div>\n<div class=\"cases-grid-item amazon promo-strategy story\">\n\n<div class=\"single-cases-card\">\n    <div class=\"card-image\">\n                <img src=\"https:\/\/iknowmedia.sk\/wp-content\/uploads\/2018\/09\/rsz_batheology_06.jpg\" alt=\"Tvorba zna\u010dky BATHEOLOGY pre v\u00fdznamn\u00e9ho klienta a zmena k\u00fape\u013e\u0148ov\u00e9ho SK E-shopu\">\n        <div class=\"hover-area\">\n            <a href=\"https:\/\/iknowmedia.sk\/en\/case-study\/batheology\/\"><i class=\"icon icon-bullhorn\"><\/i><\/a>\n        <\/div>\n            \n    <\/div>\n    <div class=\"cases-content\">\n        <h2 class=\"xs-title\">\n            <a href=\"https:\/\/iknowmedia.sk\/en\/case-study\/batheology\/\">Tvorba zna\u010dky BATHEOLOGY pre v\u00fdznamn\u00e9ho klienta a zmena k\u00fape\u013e\u0148ov\u00e9ho SK E-shopu<\/a>\n        <\/h2>\n\n        \n\n        <span class=\"tag\">Amazon, Promo strategy, Story<\/span>\n    <\/div>\n<\/div>\n<\/div>\n<div class=\"cases-grid-item amazon sales seo\">\n\n<div class=\"single-cases-card\">\n    <div class=\"card-image\">\n                <img src=\"https:\/\/iknowmedia.sk\/wp-content\/uploads\/2018\/09\/rsz_truelife_care-q7-blue_product-box_medical-device_led-1.jpg\" alt=\"\u010cesk\u00fd ELEM6 Diamant \u010ceskej elektroniky pod na\u0161imi kr\u00eddlami E\u00da &#8211; Amazon\">\n        <div class=\"hover-area\">\n            <a href=\"https:\/\/iknowmedia.sk\/en\/case-study\/elem6\/\"><i class=\"icon icon-bullhorn\"><\/i><\/a>\n        <\/div>\n            \n    <\/div>\n    <div class=\"cases-content\">\n        <h2 class=\"xs-title\">\n            <a href=\"https:\/\/iknowmedia.sk\/en\/case-study\/elem6\/\">\u010cesk\u00fd ELEM6 Diamant \u010ceskej elektroniky pod na\u0161imi kr\u00eddlami E\u00da &#8211; Amazon<\/a>\n        <\/h2>\n\n        \n\n        <span class=\"tag\">Amazon, Sales, SEO<\/span>\n    <\/div>\n<\/div>\n<\/div>\n            <\/div>\n        \t\t<\/div>\n\t\t\t\t<\/div>\n\t\t\t\t\t\t<\/div>\n\t\t\t\t\t<\/div>\n\t\t<\/div>\n\t\t\t\t\t\t\t\t<\/div>\n\t\t\t\t\t<\/div>\n\t\t<\/section>\n\t\t\t\t<section class=\"elementor-section elementor-top-section elementor-element elementor-element-2d45667 elementor-section-boxed elementor-section-height-default elementor-section-height-default\" data-id=\"2d45667\" data-element_type=\"section\" data-settings=\"{&quot;background_background&quot;:&quot;classic&quot;}\">\n\t\t\t\t\t\t\t<div class=\"elementor-background-overlay\"><\/div>\n\t\t\t\t\t\t\t<div class=\"elementor-container elementor-column-gap-default\">\n\t\t\t\t\t\t\t<div class=\"elementor-row\">\n\t\t\t\t\t<div class=\"elementor-column elementor-col-50 elementor-top-column elementor-element elementor-element-e9b159b\" data-id=\"e9b159b\" data-element_type=\"column\">\n\t\t\t<div class=\"elementor-column-wrap elementor-element-populated\">\n\t\t\t\t\t\t\t<div class=\"elementor-widget-wrap\">\n\t\t\t\t\t\t<div class=\"elementor-element elementor-element-e5c3975 elementor-widget elementor-widget-heading\" data-id=\"e5c3975\" data-element_type=\"widget\" data-settings=\"{&quot;ekit_we_effect_on&quot;:&quot;none&quot;}\" data-widget_type=\"heading.default\">\n\t\t\t\t<div class=\"elementor-widget-container\">\n\t\t\t<h2 class=\"elementor-heading-title elementor-size-default\">Najprv zisti\u0165 potenci\u00e1l na\u0161ich produktov<\/h2>\t\t<\/div>\n\t\t\t\t<\/div>\n\t\t\t\t\t\t<\/div>\n\t\t\t\t\t<\/div>\n\t\t<\/div>\n\t\t\t\t<div class=\"elementor-column elementor-col-50 elementor-top-column elementor-element elementor-element-2e7f176\" data-id=\"2e7f176\" data-element_type=\"column\">\n\t\t\t<div class=\"elementor-column-wrap elementor-element-populated\">\n\t\t\t\t\t\t\t<div class=\"elementor-widget-wrap\">\n\t\t\t\t\t\t<div class=\"elementor-element elementor-element-a69afc4 elementor-align-right elementor-mobile-align-center elementor-widget elementor-widget-xs-button\" data-id=\"a69afc4\" data-element_type=\"widget\" data-settings=\"{&quot;ekit_we_effect_on&quot;:&quot;none&quot;}\" data-widget_type=\"xs-button.default\">\n\t\t\t\t<div class=\"elementor-widget-container\">\n\t\t\t\t\t<a href=\"#\" target=\"_self\" class=\"xs-btn btn btn-secondary\">\n\t\t\t\t\t\t\t<span class=\"xs-button-text\">Sk\u00fasi\u0165 Bezplatn\u00fa Anal\u00fdzu<\/span>\n\t\t\t\t\t\t<span ><i class=\"fa fa-long-arrow-right\" aria-hidden=\"true\"><\/i><\/span>\n\t\t\t\t\t<\/a>\n        \t\t<\/div>\n\t\t\t\t<\/div>\n\t\t\t\t\t\t<\/div>\n\t\t\t\t\t<\/div>\n\t\t<\/div>\n\t\t\t\t\t\t\t\t<\/div>\n\t\t\t\t\t<\/div>\n\t\t<\/section>\n\t\t\t\t<section class=\"elementor-section elementor-top-section elementor-element elementor-element-ab9be10 elementor-section-boxed elementor-section-height-default elementor-section-height-default\" data-id=\"ab9be10\" data-element_type=\"section\">\n\t\t\t\t\t\t<div class=\"elementor-container elementor-column-gap-default\">\n\t\t\t\t\t\t\t<div class=\"elementor-row\">\n\t\t\t\t\t<div class=\"elementor-column elementor-col-100 elementor-top-column elementor-element elementor-element-eff0ea2\" data-id=\"eff0ea2\" data-element_type=\"column\">\n\t\t\t<div class=\"elementor-column-wrap\">\n\t\t\t\t\t\t\t<div class=\"elementor-widget-wrap\">\n\t\t\t\t\t\t\t\t<\/div>\n\t\t\t\t\t<\/div>\n\t\t<\/div>\n\t\t\t\t\t\t\t\t<\/div>\n\t\t\t\t\t<\/div>\n\t\t<\/section>\n\t\t\t\t\t\t\t\t\t<\/div>\n\t\t\t<\/div>\n\t\t\t\t\t<\/div>\n\t\t","protected":false},"excerpt":{"rendered":"<p>All Amazon Sales SEO Visitor Web Bez sk\u00fasenost\u00ed v\u00fdroba obalov pre iPhone Cases s unik\u00e1tnym vylep\u0161en\u00edm Amazon, Sales, SEO, Visitor, Web Ako sme \u00faplne z ni\u010doho poskladali fitness pr\u00edbeh pre Protein Way a Fresh2Go Amazon, Web \u010cesk\u00fd FIXED na trhu u\u017e vy\u0161e 18 rokov a my ich nech\u00e1vame vyr\u00e1s\u0165 zahrani\u010dne Visitor, Web Najprv zisti\u0165 potenci\u00e1l [&hellip;]<\/p>\n","protected":false},"author":1,"featured_media":0,"parent":0,"menu_order":0,"comment_status":"closed","ping_status":"closed","template":"template\/template-full-width.php","meta":[],"yoast_head":"<!-- This site is optimized with the Yoast SEO plugin v19.8 - https:\/\/yoast.com\/wordpress\/plugins\/seo\/ -->\n<title>Case Studies - iKNOW media<\/title>\n<meta name=\"robots\" content=\"index, follow, max-snippet:-1, max-image-preview:large, max-video-preview:-1\" \/>\n<link rel=\"canonical\" href=\"https:\/\/iknowmedia.sk\/en\/case-studies\/\" \/>\n<meta property=\"og:locale\" content=\"en_US\" \/>\n<meta property=\"og:type\" content=\"article\" \/>\n<meta property=\"og:title\" content=\"Case Studies - iKNOW media\" \/>\n<meta property=\"og:description\" content=\"All Amazon Sales SEO Visitor Web Bez sk\u00fasenost\u00ed v\u00fdroba obalov pre iPhone Cases s unik\u00e1tnym vylep\u0161en\u00edm Amazon, Sales, SEO, Visitor, Web Ako sme \u00faplne z ni\u010doho poskladali fitness pr\u00edbeh pre Protein Way a Fresh2Go Amazon, Web \u010cesk\u00fd FIXED na trhu u\u017e vy\u0161e 18 rokov a my ich nech\u00e1vame vyr\u00e1s\u0165 zahrani\u010dne Visitor, Web Najprv zisti\u0165 potenci\u00e1l [&hellip;]\" \/>\n<meta property=\"og:url\" content=\"https:\/\/iknowmedia.sk\/en\/case-studies\/\" \/>\n<meta property=\"og:site_name\" content=\"iKNOW media\" \/>\n<meta property=\"article:modified_time\" content=\"2024-03-14T19:14:00+00:00\" \/>\n<meta property=\"og:image\" content=\"https:\/\/iknowmedia.sk\/wp-content\/uploads\/2018\/09\/rsz_rsz_2rsz_1f1_final_black.jpg\" \/>\n<meta name=\"twitter:card\" content=\"summary_large_image\" \/>\n<meta name=\"twitter:label1\" content=\"Est. reading time\" \/>\n\t<meta name=\"twitter:data1\" content=\"1 minute\" \/>\n<script type=\"application\/ld+json\" class=\"yoast-schema-graph\">{\"@context\":\"https:\/\/schema.org\",\"@graph\":[{\"@type\":\"WebPage\",\"@id\":\"https:\/\/iknowmedia.sk\/en\/case-studies\/\",\"url\":\"https:\/\/iknowmedia.sk\/en\/case-studies\/\",\"name\":\"Case Studies - iKNOW media\",\"isPartOf\":{\"@id\":\"https:\/\/iknowmedia.sk\/en\/#website\"},\"datePublished\":\"2018-09-05T04:17:41+00:00\",\"dateModified\":\"2024-03-14T19:14:00+00:00\",\"breadcrumb\":{\"@id\":\"https:\/\/iknowmedia.sk\/en\/case-studies\/#breadcrumb\"},\"inLanguage\":\"en-US\",\"potentialAction\":[{\"@type\":\"ReadAction\",\"target\":[\"https:\/\/iknowmedia.sk\/en\/case-studies\/\"]}]},{\"@type\":\"BreadcrumbList\",\"@id\":\"https:\/\/iknowmedia.sk\/en\/case-studies\/#breadcrumb\",\"itemListElement\":[{\"@type\":\"ListItem\",\"position\":1,\"name\":\"Domovsk\u00e1 str\u00e1nka\",\"item\":\"https:\/\/iknowmedia.sk\/en\/home-two\/\"},{\"@type\":\"ListItem\",\"position\":2,\"name\":\"Case Studies\"}]},{\"@type\":\"WebSite\",\"@id\":\"https:\/\/iknowmedia.sk\/en\/#website\",\"url\":\"https:\/\/iknowmedia.sk\/en\/\",\"name\":\"iKNOW media\",\"description\":\"Digital Agency innovative\",\"potentialAction\":[{\"@type\":\"SearchAction\",\"target\":{\"@type\":\"EntryPoint\",\"urlTemplate\":\"https:\/\/iknowmedia.sk\/en\/?s={search_term_string}\"},\"query-input\":\"required name=search_term_string\"}],\"inLanguage\":\"en-US\"}]}<\/script>\n<!-- \/ Yoast SEO plugin. -->","yoast_head_json":{"title":"Case Studies - iKNOW media","robots":{"index":"index","follow":"follow","max-snippet":"max-snippet:-1","max-image-preview":"max-image-preview:large","max-video-preview":"max-video-preview:-1"},"canonical":"https:\/\/iknowmedia.sk\/en\/case-studies\/","og_locale":"en_US","og_type":"article","og_title":"Case Studies - iKNOW media","og_description":"All Amazon Sales SEO Visitor Web Bez sk\u00fasenost\u00ed v\u00fdroba obalov pre iPhone Cases s unik\u00e1tnym vylep\u0161en\u00edm Amazon, Sales, SEO, Visitor, Web Ako sme \u00faplne z ni\u010doho poskladali fitness pr\u00edbeh pre Protein Way a Fresh2Go Amazon, Web \u010cesk\u00fd FIXED na trhu u\u017e vy\u0161e 18 rokov a my ich nech\u00e1vame vyr\u00e1s\u0165 zahrani\u010dne Visitor, Web Najprv zisti\u0165 potenci\u00e1l [&hellip;]","og_url":"https:\/\/iknowmedia.sk\/en\/case-studies\/","og_site_name":"iKNOW media","article_modified_time":"2024-03-14T19:14:00+00:00","og_image":[{"url":"https:\/\/iknowmedia.sk\/wp-content\/uploads\/2018\/09\/rsz_rsz_2rsz_1f1_final_black.jpg"}],"twitter_card":"summary_large_image","twitter_misc":{"Est. reading time":"1 minute"},"schema":{"@context":"https:\/\/schema.org","@graph":[{"@type":"WebPage","@id":"https:\/\/iknowmedia.sk\/en\/case-studies\/","url":"https:\/\/iknowmedia.sk\/en\/case-studies\/","name":"Case Studies - iKNOW media","isPartOf":{"@id":"https:\/\/iknowmedia.sk\/en\/#website"},"datePublished":"2018-09-05T04:17:41+00:00","dateModified":"2024-03-14T19:14:00+00:00","breadcrumb":{"@id":"https:\/\/iknowmedia.sk\/en\/case-studies\/#breadcrumb"},"inLanguage":"en-US","potentialAction":[{"@type":"ReadAction","target":["https:\/\/iknowmedia.sk\/en\/case-studies\/"]}]},{"@type":"BreadcrumbList","@id":"https:\/\/iknowmedia.sk\/en\/case-studies\/#breadcrumb","itemListElement":[{"@type":"ListItem","position":1,"name":"Domovsk\u00e1 str\u00e1nka","item":"https:\/\/iknowmedia.sk\/en\/home-two\/"},{"@type":"ListItem","position":2,"name":"Case Studies"}]},{"@type":"WebSite","@id":"https:\/\/iknowmedia.sk\/en\/#website","url":"https:\/\/iknowmedia.sk\/en\/","name":"iKNOW media","description":"Digital Agency innovative","potentialAction":[{"@type":"SearchAction","target":{"@type":"EntryPoint","urlTemplate":"https:\/\/iknowmedia.sk\/en\/?s={search_term_string}"},"query-input":"required name=search_term_string"}],"inLanguage":"en-US"}]}},"_links":{"self":[{"href":"https:\/\/iknowmedia.sk\/en\/wp-json\/wp\/v2\/pages\/1927"}],"collection":[{"href":"https:\/\/iknowmedia.sk\/en\/wp-json\/wp\/v2\/pages"}],"about":[{"href":"https:\/\/iknowmedia.sk\/en\/wp-json\/wp\/v2\/types\/page"}],"author":[{"embeddable":true,"href":"https:\/\/iknowmedia.sk\/en\/wp-json\/wp\/v2\/users\/1"}],"replies":[{"embeddable":true,"href":"https:\/\/iknowmedia.sk\/en\/wp-json\/wp\/v2\/comments?post=1927"}],"version-history":[{"count":5,"href":"https:\/\/iknowmedia.sk\/en\/wp-json\/wp\/v2\/pages\/1927\/revisions"}],"predecessor-version":[{"id":6719,"href":"https:\/\/iknowmedia.sk\/en\/wp-json\/wp\/v2\/pages\/1927\/revisions\/6719"}],"wp:attachment":[{"href":"https:\/\/iknowmedia.sk\/en\/wp-json\/wp\/v2\/media?parent=1927"}],"curies":[{"name":"wp","href":"https:\/\/api.w.org\/{rel}","templated":true}]}}