{"id":697,"date":"2018-07-17T10:29:46","date_gmt":"2018-07-17T08:29:46","guid":{"rendered":"https:\/\/wp.xpeedstudio.com\/upturn\/home-others\/?page_id=697"},"modified":"2025-06-04T09:54:38","modified_gmt":"2025-06-04T07:54:38","slug":"contacts","status":"publish","type":"page","link":"https:\/\/iknowmedia.sk\/en\/contacts\/","title":{"rendered":"Contacts"},"content":{"rendered":"\t\t<div data-elementor-type=\"wp-post\" data-elementor-id=\"697\" class=\"elementor elementor-697\">\n\t\t\t\t\t\t<div class=\"elementor-inner\">\n\t\t\t\t<div class=\"elementor-section-wrap\">\n\t\t\t\t\t\t\t\t\t<section class=\"elementor-section elementor-top-section elementor-element elementor-element-69c8d6b elementor-section-boxed elementor-section-height-default elementor-section-height-default\" data-id=\"69c8d6b\" data-element_type=\"section\">\n\t\t\t\t\t\t<div class=\"elementor-container elementor-column-gap-default\">\n\t\t\t\t\t\t\t<div class=\"elementor-row\">\n\t\t\t\t\t<div class=\"elementor-column elementor-col-33 elementor-top-column elementor-element elementor-element-9f6dce3\" data-id=\"9f6dce3\" data-element_type=\"column\">\n\t\t\t<div class=\"elementor-column-wrap\">\n\t\t\t\t\t\t\t<div class=\"elementor-widget-wrap\">\n\t\t\t\t\t\t\t\t<\/div>\n\t\t\t\t\t<\/div>\n\t\t<\/div>\n\t\t\t\t<div class=\"elementor-column elementor-col-33 elementor-top-column elementor-element elementor-element-cec18ff\" data-id=\"cec18ff\" data-element_type=\"column\">\n\t\t\t<div class=\"elementor-column-wrap elementor-element-populated\">\n\t\t\t\t\t\t\t<div class=\"elementor-widget-wrap\">\n\t\t\t\t\t\t<div class=\"elementor-element elementor-element-2ebe261 elementor-widget elementor-widget-xs-heading\" data-id=\"2ebe261\" data-element_type=\"widget\" data-settings=\"{&quot;ekit_we_effect_on&quot;:&quot;none&quot;}\" data-widget_type=\"xs-heading.default\">\n\t\t\t\t<div class=\"elementor-widget-container\">\n\t\t\t<div class=\"xs-heading text-center\">\n            <h2 class=\"section-title\">Aby sme sa mohli spoji\u0165<\/h2>\n                <span class=\"line\"><\/span>\n    <\/div> \t\t<\/div>\n\t\t\t\t<\/div>\n\t\t\t\t<div class=\"elementor-element elementor-element-6579391 elementor-widget elementor-widget-text-editor\" data-id=\"6579391\" data-element_type=\"widget\" data-settings=\"{&quot;ekit_we_effect_on&quot;:&quot;none&quot;}\" data-widget_type=\"text-editor.default\">\n\t\t\t\t<div class=\"elementor-widget-container\">\n\t\t\t\t\t\t\t\t<div class=\"elementor-text-editor elementor-clearfix\">\n\t\t\t\t<p>Hovor\u00edme Slovensky, ale aj Anglicky a aj Nemecky, ale hlavne .. s Vami. Naj\u010dastej\u0161ie operujeme ONLINE vr\u00e1mci google\/whatsapp meetingov. Te\u0161\u00edme sa na V\u00e1s<\/p>\t\t\t\t\t<\/div>\n\t\t\t\t\t\t<\/div>\n\t\t\t\t<\/div>\n\t\t\t\t<section class=\"elementor-section elementor-inner-section elementor-element elementor-element-c24cfda contact-widget elementor-section-boxed elementor-section-height-default elementor-section-height-default\" data-id=\"c24cfda\" data-element_type=\"section\">\n\t\t\t\t\t\t<div class=\"elementor-container elementor-column-gap-default\">\n\t\t\t\t\t\t\t<div class=\"elementor-row\">\n\t\t\t\t\t<div class=\"elementor-column elementor-col-33 elementor-inner-column elementor-element elementor-element-84a3bcc\" data-id=\"84a3bcc\" data-element_type=\"column\">\n\t\t\t<div class=\"elementor-column-wrap elementor-element-populated\">\n\t\t\t\t\t\t\t<div class=\"elementor-widget-wrap\">\n\t\t\t\t\t\t<div class=\"elementor-element elementor-element-fbf6575 elementor-view-default elementor-mobile-position-top elementor-vertical-align-top elementor-widget elementor-widget-icon-box\" data-id=\"fbf6575\" data-element_type=\"widget\" data-settings=\"{&quot;ekit_we_effect_on&quot;:&quot;none&quot;}\" data-widget_type=\"icon-box.default\">\n\t\t\t\t<div class=\"elementor-widget-container\">\n\t\t\t\t\t<div class=\"elementor-icon-box-wrapper\">\n\t\t\t\t\t\t<div class=\"elementor-icon-box-icon\">\n\t\t\t\t<span class=\"elementor-icon elementor-animation-\" >\n\t\t\t\t<i class=\"icon icon-map-marker2\" aria-hidden=\"true\"><\/i>\t\t\t\t<\/span>\n\t\t\t<\/div>\n\t\t\t\t\t\t<div class=\"elementor-icon-box-content\">\n\t\t\t\t<h3 class=\"elementor-icon-box-title\">\n\t\t\t\t\t<span  >\n\t\t\t\t\t\tObchodn\u00fd n\u00e1zov \u017eivnostensk\u00fd list  \t\t\t\t\t<\/span>\n\t\t\t\t<\/h3>\n\t\t\t\t\t\t\t\t\t<p class=\"elementor-icon-box-description\">\n\t\t\t\t\t\tAdresa kancel\u00e1rie :<a href=\"https:\/\/www.google.com\/maps\/place\/New+York,+NY,+USA\/@40.6971494,-74.2598712,10z\/data=!3m1!4b1!4m5!3m4!1s0x89c24fa5d33f083b:0xc80b8f06e177fe62!8m2!3d40.7127753!4d-74.0059728\" target=\"_blank\" class=\"info-content\">\u0160pieszova 3328\/1 Karlova Ves Bratislava 84104 Slovensko<\/a>\t\t\t\t\t<\/p>\n\t\t\t\t\t\t\t<\/div>\n\t\t<\/div>\n\t\t\t\t<\/div>\n\t\t\t\t<\/div>\n\t\t\t\t\t\t<\/div>\n\t\t\t\t\t<\/div>\n\t\t<\/div>\n\t\t\t\t<div class=\"elementor-column elementor-col-33 elementor-inner-column elementor-element elementor-element-7f2af97\" data-id=\"7f2af97\" data-element_type=\"column\">\n\t\t\t<div class=\"elementor-column-wrap elementor-element-populated\">\n\t\t\t\t\t\t\t<div class=\"elementor-widget-wrap\">\n\t\t\t\t\t\t<div class=\"elementor-element elementor-element-c992283 elementor-view-default elementor-mobile-position-top elementor-vertical-align-top elementor-widget elementor-widget-icon-box\" data-id=\"c992283\" data-element_type=\"widget\" data-settings=\"{&quot;ekit_we_effect_on&quot;:&quot;none&quot;}\" data-widget_type=\"icon-box.default\">\n\t\t\t\t<div class=\"elementor-widget-container\">\n\t\t\t\t\t<div class=\"elementor-icon-box-wrapper\">\n\t\t\t\t\t\t<div class=\"elementor-icon-box-icon\">\n\t\t\t\t<span class=\"elementor-icon elementor-animation-\" >\n\t\t\t\t<i class=\"icon icon-phone-call3\" aria-hidden=\"true\"><\/i>\t\t\t\t<\/span>\n\t\t\t<\/div>\n\t\t\t\t\t\t<div class=\"elementor-icon-box-content\">\n\t\t\t\t<h3 class=\"elementor-icon-box-title\">\n\t\t\t\t\t<span  >\n\t\t\t\t\t\tKontakty\t\t\t\t\t<\/span>\n\t\t\t\t<\/h3>\n\t\t\t\t\t\t\t\t\t<p class=\"elementor-icon-box-description\">\n\t\t\t\t\t\t<a href=\"callto:+1%20(254)%20878-2354\" class=\"info-content\">+421 947 941 957<\/a>\n                                <a href=\"callto:+1%20(259)%20235-3898\" class=\"info-content\">+421 (2) 235 389 28<\/a>\t\t\t\t\t<\/p>\n\t\t\t\t\t\t\t<\/div>\n\t\t<\/div>\n\t\t\t\t<\/div>\n\t\t\t\t<\/div>\n\t\t\t\t\t\t<\/div>\n\t\t\t\t\t<\/div>\n\t\t<\/div>\n\t\t\t\t<div class=\"elementor-column elementor-col-33 elementor-inner-column elementor-element elementor-element-f454346\" data-id=\"f454346\" data-element_type=\"column\">\n\t\t\t<div class=\"elementor-column-wrap elementor-element-populated\">\n\t\t\t\t\t\t\t<div class=\"elementor-widget-wrap\">\n\t\t\t\t\t\t<div class=\"elementor-element elementor-element-6038001 elementor-view-default elementor-mobile-position-top elementor-vertical-align-top elementor-widget elementor-widget-icon-box\" data-id=\"6038001\" data-element_type=\"widget\" data-settings=\"{&quot;ekit_we_effect_on&quot;:&quot;none&quot;}\" data-widget_type=\"icon-box.default\">\n\t\t\t\t<div class=\"elementor-widget-container\">\n\t\t\t\t\t<div class=\"elementor-icon-box-wrapper\">\n\t\t\t\t\t\t<div class=\"elementor-icon-box-icon\">\n\t\t\t\t<span class=\"elementor-icon elementor-animation-\" >\n\t\t\t\t<i class=\"icon icon-envelope4\" aria-hidden=\"true\"><\/i>\t\t\t\t<\/span>\n\t\t\t<\/div>\n\t\t\t\t\t\t<div class=\"elementor-icon-box-content\">\n\t\t\t\t<h3 class=\"elementor-icon-box-title\">\n\t\t\t\t\t<span  >\n\t\t\t\t\t\tEmails\t\t\t\t\t<\/span>\n\t\t\t\t<\/h3>\n\t\t\t\t\t\t\t\t\t<p class=\"elementor-icon-box-description\">\n\t\t\t\t\t\t<a href=\"mailto:info@iknowmedia.sk\" class=\"info-content\">info@iknowmedia.sk<\/a>\n                                <a href=\"mailto:ligac@website.com\" class=\"info-content\">hello@iknowmedia.sk<\/a>\t\t\t\t\t<\/p>\n\t\t\t\t\t\t\t<\/div>\n\t\t<\/div>\n\t\t\t\t<\/div>\n\t\t\t\t<\/div>\n\t\t\t\t\t\t<\/div>\n\t\t\t\t\t<\/div>\n\t\t<\/div>\n\t\t\t\t\t\t\t\t<\/div>\n\t\t\t\t\t<\/div>\n\t\t<\/section>\n\t\t\t\t\t\t<\/div>\n\t\t\t\t\t<\/div>\n\t\t<\/div>\n\t\t\t\t<div class=\"elementor-column elementor-col-33 elementor-top-column elementor-element elementor-element-dcb8902\" data-id=\"dcb8902\" data-element_type=\"column\">\n\t\t\t<div class=\"elementor-column-wrap\">\n\t\t\t\t\t\t\t<div class=\"elementor-widget-wrap\">\n\t\t\t\t\t\t\t\t<\/div>\n\t\t\t\t\t<\/div>\n\t\t<\/div>\n\t\t\t\t\t\t\t\t<\/div>\n\t\t\t\t\t<\/div>\n\t\t<\/section>\n\t\t\t\t<section class=\"elementor-section elementor-top-section elementor-element elementor-element-bf516ae elementor-section-boxed elementor-section-height-default elementor-section-height-default\" data-id=\"bf516ae\" data-element_type=\"section\">\n\t\t\t\t\t\t<div class=\"elementor-container elementor-column-gap-default\">\n\t\t\t\t\t\t\t<div class=\"elementor-row\">\n\t\t\t\t\t<div class=\"elementor-column elementor-col-100 elementor-top-column elementor-element elementor-element-01f8c7f\" data-id=\"01f8c7f\" data-element_type=\"column\">\n\t\t\t<div class=\"elementor-column-wrap elementor-element-populated\">\n\t\t\t\t\t\t\t<div class=\"elementor-widget-wrap\">\n\t\t\t\t\t\t<div class=\"elementor-element elementor-element-7b57bb9 elementor-widget elementor-widget-google_maps\" data-id=\"7b57bb9\" data-element_type=\"widget\" data-settings=\"{&quot;ekit_we_effect_on&quot;:&quot;none&quot;}\" data-widget_type=\"google_maps.default\">\n\t\t\t\t<div class=\"elementor-widget-container\">\n\t\t\t\t\t<div class=\"elementor-custom-embed\">\n\t\t\t<iframe frameborder=\"0\" scrolling=\"no\" marginheight=\"0\" marginwidth=\"0\"\n\t\t\t\t\tsrc=\"https:\/\/maps.google.com\/maps?q=%C5%A0pieszova%203328%2F1%2C%20841%2004%20Bratislava%2C%20Slovensko&#038;t=m&#038;z=13&#038;output=embed&#038;iwloc=near\"\n\t\t\t\t\ttitle=\"\u0160pieszova 3328\/1, 841 04 Bratislava, Slovensko\"\n\t\t\t\t\taria-label=\"\u0160pieszova 3328\/1, 841 04 Bratislava, Slovensko\"\n\t\t\t><\/iframe>\n\t\t<\/div>\n\t\t\t\t<\/div>\n\t\t\t\t<\/div>\n\t\t\t\t\t\t<\/div>\n\t\t\t\t\t<\/div>\n\t\t<\/div>\n\t\t\t\t\t\t\t\t<\/div>\n\t\t\t\t\t<\/div>\n\t\t<\/section>\n\t\t\t\t<section class=\"elementor-section elementor-top-section elementor-element elementor-element-00fd427 elementor-section-boxed elementor-section-height-default elementor-section-height-default\" data-id=\"00fd427\" data-element_type=\"section\" data-settings=\"{&quot;background_background&quot;:&quot;classic&quot;}\">\n\t\t\t\t\t\t\t<div class=\"elementor-background-overlay\"><\/div>\n\t\t\t\t\t\t\t<div class=\"elementor-container elementor-column-gap-default\">\n\t\t\t\t\t\t\t<div class=\"elementor-row\">\n\t\t\t\t\t<div class=\"elementor-column elementor-col-50 elementor-top-column elementor-element elementor-element-c83f419\" data-id=\"c83f419\" data-element_type=\"column\">\n\t\t\t<div class=\"elementor-column-wrap elementor-element-populated\">\n\t\t\t\t\t\t\t<div class=\"elementor-widget-wrap\">\n\t\t\t\t\t\t<div class=\"elementor-element elementor-element-5206291 elementor-widget elementor-widget-heading\" data-id=\"5206291\" data-element_type=\"widget\" data-settings=\"{&quot;ekit_we_effect_on&quot;:&quot;none&quot;}\" data-widget_type=\"heading.default\">\n\t\t\t\t<div class=\"elementor-widget-container\">\n\t\t\t<h2 class=\"elementor-heading-title elementor-size-default\">Najprv zisti\u0165 potenci\u00e1l na\u0161ich produktov<\/h2>\t\t<\/div>\n\t\t\t\t<\/div>\n\t\t\t\t\t\t<\/div>\n\t\t\t\t\t<\/div>\n\t\t<\/div>\n\t\t\t\t<div class=\"elementor-column elementor-col-50 elementor-top-column elementor-element elementor-element-b122457\" data-id=\"b122457\" data-element_type=\"column\">\n\t\t\t<div class=\"elementor-column-wrap elementor-element-populated\">\n\t\t\t\t\t\t\t<div class=\"elementor-widget-wrap\">\n\t\t\t\t\t\t<div class=\"elementor-element elementor-element-7c37c0d elementor-align-right elementor-mobile-align-center elementor-widget elementor-widget-xs-button\" data-id=\"7c37c0d\" data-element_type=\"widget\" data-settings=\"{&quot;ekit_we_effect_on&quot;:&quot;none&quot;}\" data-widget_type=\"xs-button.default\">\n\t\t\t\t<div class=\"elementor-widget-container\">\n\t\t\t\t\t<a href=\"#\" target=\"_self\" class=\"xs-btn btn btn-secondary\">\n\t\t\t\t\t\t\t<span class=\"xs-button-text\">Sk\u00fasi\u0165 Bezplatn\u00fa Anal\u00fdzu<\/span>\n\t\t\t\t\t\t<span ><i class=\"fa fa-long-arrow-right\" aria-hidden=\"true\"><\/i><\/span>\n\t\t\t\t\t<\/a>\n        \t\t<\/div>\n\t\t\t\t<\/div>\n\t\t\t\t\t\t<\/div>\n\t\t\t\t\t<\/div>\n\t\t<\/div>\n\t\t\t\t\t\t\t\t<\/div>\n\t\t\t\t\t<\/div>\n\t\t<\/section>\n\t\t\t\t\t\t\t\t\t<\/div>\n\t\t\t<\/div>\n\t\t\t\t\t<\/div>\n\t\t","protected":false},"excerpt":{"rendered":"<p>Aby sme sa mohli spoji\u0165 Hovor\u00edme Slovensky, ale aj Anglicky a aj Nemecky, ale hlavne .. s Vami. Naj\u010dastej\u0161ie operujeme ONLINE vr\u00e1mci google\/whatsapp meetingov. Te\u0161\u00edme sa na V\u00e1s Obchodn\u00fd n\u00e1zov \u017eivnostensk\u00fd list Adresa kancel\u00e1rie :\u0160pieszova 3328\/1 Karlova Ves Bratislava 84104 Slovensko Kontakty +421 947 941 957 +421 (2) 235 389 28 Emails info@iknowmedia.sk hello@iknowmedia.sk Najprv [&hellip;]<\/p>\n","protected":false},"author":1,"featured_media":0,"parent":0,"menu_order":0,"comment_status":"closed","ping_status":"closed","template":"template\/template-full-width.php","meta":[],"yoast_head":"<!-- This site is optimized with the Yoast SEO plugin v19.8 - https:\/\/yoast.com\/wordpress\/plugins\/seo\/ -->\n<title>Contacts - iKNOW media<\/title>\n<meta name=\"robots\" content=\"index, follow, max-snippet:-1, max-image-preview:large, max-video-preview:-1\" \/>\n<link rel=\"canonical\" href=\"https:\/\/iknowmedia.sk\/en\/contacts\/\" \/>\n<meta property=\"og:locale\" content=\"en_US\" \/>\n<meta property=\"og:type\" content=\"article\" \/>\n<meta property=\"og:title\" content=\"Contacts - iKNOW media\" \/>\n<meta property=\"og:description\" content=\"Aby sme sa mohli spoji\u0165 Hovor\u00edme Slovensky, ale aj Anglicky a aj Nemecky, ale hlavne .. s Vami. Naj\u010dastej\u0161ie operujeme ONLINE vr\u00e1mci google\/whatsapp meetingov. Te\u0161\u00edme sa na V\u00e1s Obchodn\u00fd n\u00e1zov \u017eivnostensk\u00fd list Adresa kancel\u00e1rie :\u0160pieszova 3328\/1 Karlova Ves Bratislava 84104 Slovensko Kontakty +421 947 941 957 +421 (2) 235 389 28 Emails info@iknowmedia.sk hello@iknowmedia.sk Najprv [&hellip;]\" \/>\n<meta property=\"og:url\" content=\"https:\/\/iknowmedia.sk\/en\/contacts\/\" \/>\n<meta property=\"og:site_name\" content=\"iKNOW media\" \/>\n<meta property=\"article:modified_time\" content=\"2025-06-04T07:54:38+00:00\" \/>\n<meta name=\"twitter:card\" content=\"summary_large_image\" \/>\n<meta name=\"twitter:label1\" content=\"Est. reading time\" \/>\n\t<meta name=\"twitter:data1\" content=\"1 minute\" \/>\n<script type=\"application\/ld+json\" class=\"yoast-schema-graph\">{\"@context\":\"https:\/\/schema.org\",\"@graph\":[{\"@type\":\"WebPage\",\"@id\":\"https:\/\/iknowmedia.sk\/en\/contacts\/\",\"url\":\"https:\/\/iknowmedia.sk\/en\/contacts\/\",\"name\":\"Contacts - iKNOW media\",\"isPartOf\":{\"@id\":\"https:\/\/iknowmedia.sk\/en\/#website\"},\"datePublished\":\"2018-07-17T08:29:46+00:00\",\"dateModified\":\"2025-06-04T07:54:38+00:00\",\"breadcrumb\":{\"@id\":\"https:\/\/iknowmedia.sk\/en\/contacts\/#breadcrumb\"},\"inLanguage\":\"en-US\",\"potentialAction\":[{\"@type\":\"ReadAction\",\"target\":[\"https:\/\/iknowmedia.sk\/en\/contacts\/\"]}]},{\"@type\":\"BreadcrumbList\",\"@id\":\"https:\/\/iknowmedia.sk\/en\/contacts\/#breadcrumb\",\"itemListElement\":[{\"@type\":\"ListItem\",\"position\":1,\"name\":\"Domovsk\u00e1 str\u00e1nka\",\"item\":\"https:\/\/iknowmedia.sk\/en\/home-two\/\"},{\"@type\":\"ListItem\",\"position\":2,\"name\":\"Contacts\"}]},{\"@type\":\"WebSite\",\"@id\":\"https:\/\/iknowmedia.sk\/en\/#website\",\"url\":\"https:\/\/iknowmedia.sk\/en\/\",\"name\":\"iKNOW media\",\"description\":\"Digital Agency innovative\",\"potentialAction\":[{\"@type\":\"SearchAction\",\"target\":{\"@type\":\"EntryPoint\",\"urlTemplate\":\"https:\/\/iknowmedia.sk\/en\/?s={search_term_string}\"},\"query-input\":\"required name=search_term_string\"}],\"inLanguage\":\"en-US\"}]}<\/script>\n<!-- \/ Yoast SEO plugin. -->","yoast_head_json":{"title":"Contacts - iKNOW media","robots":{"index":"index","follow":"follow","max-snippet":"max-snippet:-1","max-image-preview":"max-image-preview:large","max-video-preview":"max-video-preview:-1"},"canonical":"https:\/\/iknowmedia.sk\/en\/contacts\/","og_locale":"en_US","og_type":"article","og_title":"Contacts - iKNOW media","og_description":"Aby sme sa mohli spoji\u0165 Hovor\u00edme Slovensky, ale aj Anglicky a aj Nemecky, ale hlavne .. s Vami. Naj\u010dastej\u0161ie operujeme ONLINE vr\u00e1mci google\/whatsapp meetingov. Te\u0161\u00edme sa na V\u00e1s Obchodn\u00fd n\u00e1zov \u017eivnostensk\u00fd list Adresa kancel\u00e1rie :\u0160pieszova 3328\/1 Karlova Ves Bratislava 84104 Slovensko Kontakty +421 947 941 957 +421 (2) 235 389 28 Emails info@iknowmedia.sk hello@iknowmedia.sk Najprv [&hellip;]","og_url":"https:\/\/iknowmedia.sk\/en\/contacts\/","og_site_name":"iKNOW media","article_modified_time":"2025-06-04T07:54:38+00:00","twitter_card":"summary_large_image","twitter_misc":{"Est. reading time":"1 minute"},"schema":{"@context":"https:\/\/schema.org","@graph":[{"@type":"WebPage","@id":"https:\/\/iknowmedia.sk\/en\/contacts\/","url":"https:\/\/iknowmedia.sk\/en\/contacts\/","name":"Contacts - iKNOW media","isPartOf":{"@id":"https:\/\/iknowmedia.sk\/en\/#website"},"datePublished":"2018-07-17T08:29:46+00:00","dateModified":"2025-06-04T07:54:38+00:00","breadcrumb":{"@id":"https:\/\/iknowmedia.sk\/en\/contacts\/#breadcrumb"},"inLanguage":"en-US","potentialAction":[{"@type":"ReadAction","target":["https:\/\/iknowmedia.sk\/en\/contacts\/"]}]},{"@type":"BreadcrumbList","@id":"https:\/\/iknowmedia.sk\/en\/contacts\/#breadcrumb","itemListElement":[{"@type":"ListItem","position":1,"name":"Domovsk\u00e1 str\u00e1nka","item":"https:\/\/iknowmedia.sk\/en\/home-two\/"},{"@type":"ListItem","position":2,"name":"Contacts"}]},{"@type":"WebSite","@id":"https:\/\/iknowmedia.sk\/en\/#website","url":"https:\/\/iknowmedia.sk\/en\/","name":"iKNOW media","description":"Digital Agency innovative","potentialAction":[{"@type":"SearchAction","target":{"@type":"EntryPoint","urlTemplate":"https:\/\/iknowmedia.sk\/en\/?s={search_term_string}"},"query-input":"required name=search_term_string"}],"inLanguage":"en-US"}]}},"_links":{"self":[{"href":"https:\/\/iknowmedia.sk\/en\/wp-json\/wp\/v2\/pages\/697"}],"collection":[{"href":"https:\/\/iknowmedia.sk\/en\/wp-json\/wp\/v2\/pages"}],"about":[{"href":"https:\/\/iknowmedia.sk\/en\/wp-json\/wp\/v2\/types\/page"}],"author":[{"embeddable":true,"href":"https:\/\/iknowmedia.sk\/en\/wp-json\/wp\/v2\/users\/1"}],"replies":[{"embeddable":true,"href":"https:\/\/iknowmedia.sk\/en\/wp-json\/wp\/v2\/comments?post=697"}],"version-history":[{"count":38,"href":"https:\/\/iknowmedia.sk\/en\/wp-json\/wp\/v2\/pages\/697\/revisions"}],"predecessor-version":[{"id":6768,"href":"https:\/\/iknowmedia.sk\/en\/wp-json\/wp\/v2\/pages\/697\/revisions\/6768"}],"wp:attachment":[{"href":"https:\/\/iknowmedia.sk\/en\/wp-json\/wp\/v2\/media?parent=697"}],"curies":[{"name":"wp","href":"https:\/\/api.w.org\/{rel}","templated":true}]}}